{"id":1180,"date":"2020-10-23T20:01:36","date_gmt":"2020-10-23T18:01:36","guid":{"rendered":"https:\/\/mocor.it\/podatki-o-podjetju\/"},"modified":"2024-09-02T11:31:44","modified_gmt":"2024-09-02T09:31:44","slug":"zasebnost","status":"publish","type":"page","link":"https:\/\/mocor.it\/sl\/zasebnost\/","title":{"rendered":"Zasebnost"},"content":{"rendered":"<p>[et_pb_section fb_built=&#8221;1&#8243; _builder_version=&#8221;4.6.6&#8243; _module_preset=&#8221;default&#8221; global_colors_info=&#8221;{}&#8221; theme_builder_area=&#8221;post_content&#8221;][et_pb_row column_structure=&#8221;1_2,1_2&#8243; module_id=&#8221;privacy&#8221; _builder_version=&#8221;4.6.6&#8243; width=&#8221;100%&#8221; global_colors_info=&#8221;{}&#8221; theme_builder_area=&#8221;post_content&#8221;][et_pb_column type=&#8221;1_2&#8243; _builder_version=&#8221;4.4.9&#8243; global_colors_info=&#8221;{}&#8221; theme_builder_area=&#8221;post_content&#8221;][et_pb_text _builder_version=&#8221;4.14.8&#8243; hover_enabled=&#8221;0&#8243; global_colors_info=&#8221;{}&#8221; theme_builder_area=&#8221;post_content&#8221; sticky_enabled=&#8221;0&#8243;]<\/p>\n<h3>Zasebnost<\/h3>\n<p>Zbrani podatki se uporabljajo v skladu s Splo\u0161no uredbo EU o varstvu podatkov (GDPR). .<\/p>\n<p>Namen obrazcev na tej spletni strani je olaj\u0161ati po\u0161iljanje e-po\u0161te; na stre\u017eniku, ki gosti spletno mesto, niso shranjeni podatki.<\/p>\n<p>Podatki ne bodo razkriti tretjim osebam. Za dodatne informacije ali posebne zahteve se obrnite na Mocor srl na naslednji e-po\u0161tni naslov: info@mocorsrl.com.<\/p>\n<p><a href=\"https:\/\/www.iubenda.com\/privacy-policy\/46676922\">Zasebnost<\/a><\/p>\n<p>[\/et_pb_text][\/et_pb_column][et_pb_column type=&#8221;1_2&#8243; _builder_version=&#8221;4.4.9&#8243; global_colors_info=&#8221;{}&#8221; theme_builder_area=&#8221;post_content&#8221;][et_pb_text admin_label=&#8221;cookie&#8221; _builder_version=&#8221;4.14.8&#8243; hover_enabled=&#8221;0&#8243; global_colors_info=&#8221;{}&#8221; theme_builder_area=&#8221;post_content&#8221; sticky_enabled=&#8221;0&#8243;]<\/p>\n<h3>Pi\u0161kotki<\/h3>\n<p> Pi\u0161kotke uporabljamo za zagotavljanje bolj\u0161e uporabni\u0161ke izku\u0161nje. Na\u0161 namen je izmeriti promet za oceno in izbolj\u0161anje u\u010dinkovitosti spletnega mesta. <a href=\"https:\/\/www.iubenda.com\/privacy-policy\/46676922\/cookie-policy\">Cookie Policy<\/a> <a href=\"#\" class=\"iubenda-cs-preferences-link\">Spremenite nastavitve soglasja.<\/a>[\/et_pb_text][\/et_pb_column][\/et_pb_row][\/et_pb_section]<\/p>\n","protected":false},"excerpt":{"rendered":"<p>Zasebnost Zbrani podatki se uporabljajo v skladu s Splo\u0161no uredbo EU o varstvu podatkov (GDPR). . Namen obrazcev na tej spletni strani je olaj\u0161ati po\u0161iljanje e-po\u0161te; na stre\u017eniku, ki gosti spletno mesto, niso shranjeni podatki. Podatki ne bodo razkriti tretjim osebam. Za dodatne informacije ali posebne zahteve se obrnite na Mocor srl na naslednji e-po\u0161tni [&hellip;]<\/p>\n","protected":false},"author":1,"featured_media":327,"parent":0,"menu_order":0,"comment_status":"closed","ping_status":"closed","template":"","meta":{"_et_pb_use_builder":"on","_et_pb_old_content":"","_et_gb_content_width":"","footnotes":""},"class_list":["post-1180","page","type-page","status-publish","has-post-thumbnail","hentry"],"_links":{"self":[{"href":"https:\/\/mocor.it\/sl\/wp-json\/wp\/v2\/pages\/1180","targetHints":{"allow":["GET"]}}],"collection":[{"href":"https:\/\/mocor.it\/sl\/wp-json\/wp\/v2\/pages"}],"about":[{"href":"https:\/\/mocor.it\/sl\/wp-json\/wp\/v2\/types\/page"}],"author":[{"embeddable":true,"href":"https:\/\/mocor.it\/sl\/wp-json\/wp\/v2\/users\/1"}],"replies":[{"embeddable":true,"href":"https:\/\/mocor.it\/sl\/wp-json\/wp\/v2\/comments?post=1180"}],"version-history":[{"count":36,"href":"https:\/\/mocor.it\/sl\/wp-json\/wp\/v2\/pages\/1180\/revisions"}],"predecessor-version":[{"id":2751,"href":"https:\/\/mocor.it\/sl\/wp-json\/wp\/v2\/pages\/1180\/revisions\/2751"}],"wp:featuredmedia":[{"embeddable":true,"href":"https:\/\/mocor.it\/sl\/wp-json\/wp\/v2\/media\/327"}],"wp:attachment":[{"href":"https:\/\/mocor.it\/sl\/wp-json\/wp\/v2\/media?parent=1180"}],"curies":[{"name":"wp","href":"https:\/\/api.w.org\/{rel}","templated":true}]}}