{"id":1092,"date":"2020-10-23T17:38:30","date_gmt":"2020-10-23T15:38:30","guid":{"rendered":"https:\/\/mocor.it\/tahografi\/"},"modified":"2020-11-16T15:45:34","modified_gmt":"2020-11-16T14:45:34","slug":"tahografi","status":"publish","type":"page","link":"https:\/\/mocor.it\/sl\/tahografi\/","title":{"rendered":"Tahografi"},"content":{"rendered":"\n[et_pb_section fb_built=&#8221;1&#8243; _builder_version=&#8221;4.6.1&#8243; _module_preset=&#8221;default&#8221;][et_pb_row column_structure=&#8221;1_2,1_4,1_4&#8243; _builder_version=&#8221;4.6.1&#8243; _module_preset=&#8221;default&#8221; width=&#8221;100%&#8221;][et_pb_column type=&#8221;1_2&#8243; _builder_version=&#8221;4.6.1&#8243; _module_preset=&#8221;default&#8221;][et_pb_post_title meta=&#8221;off&#8221; featured_image=&#8221;off&#8221; _builder_version=&#8221;4.6.3&#8243; _module_preset=&#8221;default&#8221; global_module=&#8221;288&#8243;][\/et_pb_post_title][et_pb_text _builder_version=&#8221;4.6.3&#8243; _module_preset=&#8221;default&#8221; hover_enabled=&#8221;0&#8243; sticky_enabled=&#8221;0&#8243;]V skladu s pooblastili Tr\u017ea\u0161ke Trgovinske Zbornice Mocor Veicoli Industriali Srl izvaja preverjanje in kontrolo analognih, digitalnih in inteligentnih oz. pametnih (4.0) tahografov.\n\nNa\u0161a delavnica izvaja:\n\n<ul>\n<li>Kontrola digitalnih tahografov v skladu z zakonodajo<\/li>\n<li>Analiziranje napak v sistemu tahografa<\/li>\n<li>Garancije na VDO, Stoneridge e ACTIA (name\u0161\u010deni v originalni opremi)<\/li>\n<li>Prodaja tahografov, oddajnikov in rezervnih delov tahografa<\/li>\n<li>Prodaja naprave zbiranja in shranjevanja podatkov<\/li>\n<li>Informacije in svetovanja o novih predpisih o \u010dasu vo\u017enje in po\u010ditka<\/li>\n<li>Tehni\u010dna podpora za stranke<\/li>[\/et_pb_text][et_pb_button button_url=&#8221;https:\/\/mocor.it\/contatti\/&#8221; button_text=&#8221;Kontakt&#8221; _builder_version=&#8221;4.6.1&#8243; _module_preset=&#8221;default&#8221; global_module=&#8221;394&#8243; saved_tabs=&#8221;all&#8221;][\/et_pb_button][\/et_pb_column][et_pb_column type=&#8221;1_4&#8243; _builder_version=&#8221;4.6.1&#8243; _module_preset=&#8221;default&#8221;][et_pb_image src=&#8221;https:\/\/mocor.it\/wp-content\/uploads\/2020\/09\/VDOlogo.png&#8221; alt=&#8221;VDO tahografi&#8221; title_text=&#8221;VDO tahografi&#8221; url=&#8221;https:\/\/www.vdo.com\/&#8221; url_new_window=&#8221;on&#8221; show_bottom_space=&#8221;off&#8221; _builder_version=&#8221;4.6.1&#8243; _module_preset=&#8221;default&#8221;][\/et_pb_image][et_pb_text _builder_version=&#8221;4.6.1&#8243; _module_preset=&#8221;default&#8221;]<h5>Poobla\u0161\u010dena delavnica <\/h5>\n<p>V delavnici je na voljo terminal self-service DTCO\u00ae Tachomat za prenos in shranjevanje podatkov iz tachografa. DTCO\u00ae Tachomat je name\u0161\u010den na Digital Partners, mre\u017ee poobla\u0161\u010denih servisnih delavnicah VDO ki je Mocor Veicoli Industriali Srl del te mre\u017ee.<\/p>\n<p>Za informacije delovanja DTCO\u00ae Tachomat kontaktirajte na\u0161 servis.<\/p>[\/et_pb_text][\/et_pb_column][et_pb_column type=&#8221;1_4&#8243; _builder_version=&#8221;4.6.1&#8243; _module_preset=&#8221;default&#8221;][et_pb_image src=&#8221;https:\/\/mocor.it\/wp-content\/uploads\/2020\/09\/logo-stoneridge.png&#8221; alt=&#8221;Stoneridge logo&#8221; title_text=&#8221;Stoneridge logo&#8221; url=&#8221;https:\/\/www.stoneridgeelectronics.com\/it&#8221; url_new_window=&#8221;on&#8221; _builder_version=&#8221;4.6.1&#8243; _module_preset=&#8221;default&#8221; width=&#8221;200px&#8221;][\/et_pb_image][et_pb_image src=&#8221;https:\/\/mocor.it\/wp-content\/uploads\/2020\/09\/logo-actia.png&#8221; alt=&#8221;logo Actia&#8221; title_text=&#8221;logo Actia&#8221; url=&#8221;https:\/\/www.actia.com\/&#8221; url_new_window=&#8221;on&#8221; _builder_version=&#8221;4.6.1&#8243; _module_preset=&#8221;default&#8221; width=&#8221;200px&#8221;][\/et_pb_image][\/et_pb_column][\/et_pb_row][\/et_pb_section]\n","protected":false},"excerpt":{"rendered":"<p>V skladu s pooblastili Tr\u017ea\u0161ke Trgovinske Zbornice Mocor Veicoli Industriali Srl izvaja preverjanje in kontrolo analognih, digitalnih in inteligentnih oz. pametnih (4.0) tahografov. Na\u0161a delavnica izvaja: Kontrola digitalnih tahografov v skladu z zakonodajo Analiziranje napak v sistemu tahografa Garancije na VDO, Stoneridge e ACTIA (name\u0161\u010deni v originalni opremi) Prodaja tahografov, oddajnikov in rezervnih delov tahografa [&hellip;]<\/p>\n","protected":false},"author":1,"featured_media":1806,"parent":0,"menu_order":0,"comment_status":"closed","ping_status":"closed","template":"","meta":{"_et_pb_use_builder":"on","_et_pb_old_content":"","_et_gb_content_width":"","footnotes":""},"class_list":["post-1092","page","type-page","status-publish","has-post-thumbnail","hentry"],"_links":{"self":[{"href":"https:\/\/mocor.it\/sl\/wp-json\/wp\/v2\/pages\/1092","targetHints":{"allow":["GET"]}}],"collection":[{"href":"https:\/\/mocor.it\/sl\/wp-json\/wp\/v2\/pages"}],"about":[{"href":"https:\/\/mocor.it\/sl\/wp-json\/wp\/v2\/types\/page"}],"author":[{"embeddable":true,"href":"https:\/\/mocor.it\/sl\/wp-json\/wp\/v2\/users\/1"}],"replies":[{"embeddable":true,"href":"https:\/\/mocor.it\/sl\/wp-json\/wp\/v2\/comments?post=1092"}],"version-history":[{"count":12,"href":"https:\/\/mocor.it\/sl\/wp-json\/wp\/v2\/pages\/1092\/revisions"}],"predecessor-version":[{"id":1940,"href":"https:\/\/mocor.it\/sl\/wp-json\/wp\/v2\/pages\/1092\/revisions\/1940"}],"wp:featuredmedia":[{"embeddable":true,"href":"https:\/\/mocor.it\/sl\/wp-json\/wp\/v2\/media\/1806"}],"wp:attachment":[{"href":"https:\/\/mocor.it\/sl\/wp-json\/wp\/v2\/media?parent=1092"}],"curies":[{"name":"wp","href":"https:\/\/api.w.org\/{rel}","templated":true}]}}