{"id":1085,"date":"2020-10-23T17:29:18","date_gmt":"2020-10-23T15:29:18","guid":{"rendered":"https:\/\/mocor.it\/storitve\/"},"modified":"2020-11-12T15:33:54","modified_gmt":"2020-11-12T14:33:54","slug":"storitve","status":"publish","type":"page","link":"https:\/\/mocor.it\/sl\/storitve\/","title":{"rendered":"Storitve"},"content":{"rendered":"<p>[et_pb_section fb_built=&#8221;1&#8243; _builder_version=&#8221;4.6.1&#8243; _module_preset=&#8221;default&#8221;][et_pb_row column_structure=&#8221;1_3,1_3,1_3&#8243; use_custom_gutter=&#8221;on&#8221; gutter_width=&#8221;4&#8243; _builder_version=&#8221;4.6.1&#8243; _module_preset=&#8221;default&#8221; width=&#8221;100%&#8221;][et_pb_column type=&#8221;1_3&#8243; _builder_version=&#8221;4.6.1&#8243; _module_preset=&#8221;default&#8221;][et_pb_post_title meta=&#8221;off&#8221; featured_image=&#8221;off&#8221; _builder_version=&#8221;4.6.6&#8243; _module_preset=&#8221;default&#8221; global_module=&#8221;288&#8243;][\/et_pb_post_title][et_pb_text _builder_version=&#8221;4.6.6&#8243; _module_preset=&#8221;default&#8221;]<\/p>\n<ul>\n<li>vzdr\u017eevanje in popravila tovornih vozil, avtobusov, in prikolic<\/li>\n<li>mehatronika<\/li>\n<li>omejevalec hitrosti<\/li>\n<li>rezervni deli in oprema<\/li>\n<li>pomo\u010d na cesti<\/li>\n<li>klimatska naprava<\/li>\n<li>tehni\u010dni pregledi nad 3,5T<\/li>\n<li>popravila in zamenjava vetrobranskih stekel<\/li>\n<li>storitve in popravilo v garancijskem roku \u201cMAN\u201d<\/li>\n<li>popravilo grelcev (<a href=\"#riscaldatori\">Webasto e Eberspacher<\/a>)<\/li>\n<li>pregled vzmetenja in zavor<\/li>\n<\/ul>\n<p>[\/et_pb_text][et_pb_text _builder_version=&#8221;4.6.6&#8243; _module_preset=&#8221;default&#8221; hover_enabled=&#8221;0&#8243; sticky_enabled=&#8221;0&#8243;]Strokovna podpora, u\u010dinkovito, hitro.<br \/>\nBan\u010dne kreditne kartice &#8211; DKV \u2013 UTA[\/et_pb_text][et_pb_button button_url=&#8221;https:\/\/mocor.it\/contatti\/&#8221; button_text=&#8221;Kontakt&#8221; _builder_version=&#8221;4.6.1&#8243; _module_preset=&#8221;default&#8221; global_module=&#8221;394&#8243; saved_tabs=&#8221;all&#8221;][\/et_pb_button][\/et_pb_column][et_pb_column type=&#8221;1_3&#8243; _builder_version=&#8221;4.6.1&#8243; _module_preset=&#8221;default&#8221; background_color=&#8221;#D6D8DB&#8221; custom_padding=&#8221;20px|20px|20px|20px|false|false&#8221;][et_pb_image src=&#8221;https:\/\/mocor.it\/wp-content\/uploads\/2020\/09\/ManSErvice24.png&#8221; alt=&#8221;Man Service Mobile24&#8243; title_text=&#8221;Man Service Mobile24&#8243; _builder_version=&#8221;4.6.1&#8243; _module_preset=&#8221;default&#8221; global_module=&#8221;255&#8243;][\/et_pb_image][et_pb_text _builder_version=&#8221;4.6.3&#8243; _module_preset=&#8221;default&#8221; global_module=&#8221;257&#8243;]<\/p>\n<p>24 ore al giorno, 365 giorni l\u2019anno: in caso di emergenza panne di Autocarri e Autobus MAN chiama i numeri:<\/p>\n<p>[\/et_pb_text][et_pb_blurb use_icon=&#8221;on&#8221; font_icon=&#8221;%%264%%&#8221; icon_placement=&#8221;left&#8221; use_icon_font_size=&#8221;on&#8221; icon_font_size=&#8221;20px&#8221; _builder_version=&#8221;4.6.3&#8243; header_font=&#8221;|300|||||||&#8221; header_font_size=&#8221;14px&#8221; global_module=&#8221;825&#8243;]<\/p>\n<p><a href=\"tel:+80066245324\" onclick=\"getOutboundLink('tel:+008006624 5324'); return false;\">00 800 66 24 5324<\/a><\/p>\n<p><a href=\"tel:+49180535353335\" onclick=\"getOutboundLink('tel:+49180535353335'); return false;\">0049 180 53 53 53 335<\/a><\/p>\n<p>[\/et_pb_blurb][\/et_pb_column][et_pb_column type=&#8221;1_3&#8243; module_id=&#8221;riscaldatori&#8221; _builder_version=&#8221;4.6.1&#8243; _module_preset=&#8221;default&#8221; background_color=&#8221;#D6D8DB&#8221; custom_padding=&#8221;20px|20px|20px|20px|true|true&#8221;][et_pb_text _builder_version=&#8221;4.6.1&#8243; _module_preset=&#8221;default&#8221;]<\/p>\n<h5>Popravilo grelcev<\/h5>\n<p>[\/et_pb_text][et_pb_image src=&#8221;https:\/\/mocor.it\/wp-content\/uploads\/2020\/09\/webasto.png&#8221; alt=&#8221;Popravilo grelcev Webasto&#8221; title_text=&#8221;Popravilo grelcev Webasto&#8221; url=&#8221;https:\/\/www.webasto.com\/it\/&#8221; url_new_window=&#8221;on&#8221; _builder_version=&#8221;4.6.1&#8243; _module_preset=&#8221;default&#8221; width=&#8221;200px&#8221;][\/et_pb_image][et_pb_image src=&#8221;https:\/\/mocor.it\/wp-content\/uploads\/2020\/09\/logo_eberspaecher.png&#8221; alt=&#8221;Popravilo grelcev Ebersp\u00e4cher&#8221; title_text=&#8221;Popravilo grelcev Ebersp\u00e4cher&#8221; url=&#8221;https:\/\/www.eberspaecher.it\/&#8221; url_new_window=&#8221;on&#8221; _builder_version=&#8221;4.6.1&#8243; _module_preset=&#8221;default&#8221; width=&#8221;200px&#8221;][\/et_pb_image][\/et_pb_column][\/et_pb_row][\/et_pb_section]<\/p>\n","protected":false},"excerpt":{"rendered":"<p>vzdr\u017eevanje in popravila tovornih vozil, avtobusov, in prikolic mehatronika omejevalec hitrosti rezervni deli in oprema pomo\u010d na cesti klimatska naprava tehni\u010dni pregledi nad 3,5T popravila in zamenjava vetrobranskih stekel storitve in popravilo v garancijskem roku \u201cMAN\u201d popravilo grelcev (Webasto e Eberspacher) pregled vzmetenja in zavor Strokovna podpora, u\u010dinkovito, hitro. Ban\u010dne kreditne kartice &#8211; DKV \u2013 [&hellip;]<\/p>\n","protected":false},"author":1,"featured_media":157,"parent":0,"menu_order":0,"comment_status":"closed","ping_status":"closed","template":"","meta":{"_et_pb_use_builder":"on","_et_pb_old_content":"","_et_gb_content_width":"","footnotes":""},"class_list":["post-1085","page","type-page","status-publish","has-post-thumbnail","hentry"],"_links":{"self":[{"href":"https:\/\/mocor.it\/sl\/wp-json\/wp\/v2\/pages\/1085","targetHints":{"allow":["GET"]}}],"collection":[{"href":"https:\/\/mocor.it\/sl\/wp-json\/wp\/v2\/pages"}],"about":[{"href":"https:\/\/mocor.it\/sl\/wp-json\/wp\/v2\/types\/page"}],"author":[{"embeddable":true,"href":"https:\/\/mocor.it\/sl\/wp-json\/wp\/v2\/users\/1"}],"replies":[{"embeddable":true,"href":"https:\/\/mocor.it\/sl\/wp-json\/wp\/v2\/comments?post=1085"}],"version-history":[{"count":21,"href":"https:\/\/mocor.it\/sl\/wp-json\/wp\/v2\/pages\/1085\/revisions"}],"predecessor-version":[{"id":1744,"href":"https:\/\/mocor.it\/sl\/wp-json\/wp\/v2\/pages\/1085\/revisions\/1744"}],"wp:featuredmedia":[{"embeddable":true,"href":"https:\/\/mocor.it\/sl\/wp-json\/wp\/v2\/media\/157"}],"wp:attachment":[{"href":"https:\/\/mocor.it\/sl\/wp-json\/wp\/v2\/media?parent=1085"}],"curies":[{"name":"wp","href":"https:\/\/api.w.org\/{rel}","templated":true}]}}