{"id":1069,"date":"2020-10-23T17:14:41","date_gmt":"2020-10-23T15:14:41","guid":{"rendered":"https:\/\/mocor.it\/o-nas\/"},"modified":"2024-09-02T11:22:20","modified_gmt":"2024-09-02T09:22:20","slug":"o-nas","status":"publish","type":"page","link":"https:\/\/mocor.it\/sl\/o-nas\/","title":{"rendered":"O nas"},"content":{"rendered":"<p>[et_pb_section fb_built=&#8221;1&#8243; _builder_version=&#8221;4.6.3&#8243; _module_preset=&#8221;default&#8221;][et_pb_row column_structure=&#8221;3_5,2_5&#8243; _builder_version=&#8221;4.6.3&#8243; _module_preset=&#8221;default&#8221; width=&#8221;100%&#8221;][et_pb_column type=&#8221;3_5&#8243; _builder_version=&#8221;4.6.3&#8243; _module_preset=&#8221;default&#8221;][et_pb_post_title meta=&#8221;off&#8221; featured_image=&#8221;off&#8221; _builder_version=&#8221;4.6.6&#8243; _module_preset=&#8221;default&#8221; global_module=&#8221;288&#8243;][\/et_pb_post_title][et_pb_text _builder_version=&#8221;4.7.0&#8243; _module_preset=&#8221;default&#8221;]<\/p>\n<p>Mocor Veicoli Industriali Srl je delavnica za popravilo vseh vrst vozil, delovnih strojev, prikolic, avtobusov ali drugih gospodarskih in industrijskih vozil.<\/p>\n<p>Leta 1967 je g. Franko Mocor ustanovil podjetje, ki se je v letih konstatno ve\u010dalo v industrijski coni v okolici Trsta; trenutno ima sede\u017e v moderni in inovativno opremljeni delavnici v Obrtni Coni Dolina, pri Trstu.<\/p>\n<p>Od leta 1983 dalje je podjetje Mocor poobla\u0161\u010dena servisna delavnica MAN-a Truck &amp; Bus; MAN izbira svoje partnerje, ki garantirajo profesionalnost, u\u010dinkovitost, inovativnost, dinami\u010dnost. S pomo\u010djo \u0161irokega spektra na\u0161ih storitev in strokovnih nasvetov na\u0161e stranke podpiramo v vseh pogledih.<\/p>\n<p>[\/et_pb_text][et_pb_button button_url=&#8221;https:\/\/mocor.it\/sl\/kontakt\/&#8221; button_text=&#8221;Kontakt&#8221; _builder_version=&#8221;4.6.6&#8243; _module_preset=&#8221;default&#8221; global_module=&#8221;394&#8243; saved_tabs=&#8221;all&#8221;][\/et_pb_button][\/et_pb_column][et_pb_column type=&#8221;2_5&#8243; _builder_version=&#8221;4.6.3&#8243; _module_preset=&#8221;default&#8221;][et_pb_image src=&#8221;https:\/\/mocor.it\/wp-content\/uploads\/2020\/09\/Mocor6.jpg&#8221; alt=&#8221;Mocor MAN Trucks Trst&#8221; title_text=&#8221;Mocor6&#8243; _builder_version=&#8221;4.6.1&#8243; _module_preset=&#8221;default&#8221;][\/et_pb_image][\/et_pb_column][\/et_pb_row][\/et_pb_section][et_pb_section fb_built=&#8221;1&#8243; _builder_version=&#8221;4.6.1&#8243; _module_preset=&#8221;default&#8221;][et_pb_row _builder_version=&#8221;4.6.1&#8243; _module_preset=&#8221;default&#8221; width=&#8221;100%&#8221;][et_pb_column type=&#8221;4_4&#8243; _builder_version=&#8221;4.6.1&#8243; _module_preset=&#8221;default&#8221;][et_pb_text module_id=&#8221;dati&#8221; _builder_version=&#8221;4.7.0&#8243; _module_preset=&#8221;default&#8221; hover_enabled=&#8221;0&#8243; sticky_enabled=&#8221;0&#8243;]<\/p>\n<h4>Podatki o podjetju<\/h4>\n<p>Mocor Veicoli Industriali Srl<br \/>Codice fiscale e P. IVA IT01059930329<br \/>Registro imprese: IT01059930329 CCIAA Trieste<br \/>REA: TS 121501<br \/>Capitale Sociale: \u20ac 100.000 i.v.<\/p>\n<p>[\/et_pb_text][\/et_pb_column][\/et_pb_row][\/et_pb_section]<\/p>\n","protected":false},"excerpt":{"rendered":"<p>Mocor Veicoli Industriali Srl je delavnica za popravilo vseh vrst vozil, delovnih strojev, prikolic, avtobusov ali drugih gospodarskih in industrijskih vozil. Leta 1967 je g. Franko Mocor ustanovil podjetje, ki se je v letih konstatno ve\u010dalo v industrijski coni v okolici Trsta; trenutno ima sede\u017e v moderni in inovativno opremljeni delavnici v Obrtni Coni Dolina, [&hellip;]<\/p>\n","protected":false},"author":1,"featured_media":159,"parent":0,"menu_order":0,"comment_status":"closed","ping_status":"closed","template":"","meta":{"_et_pb_use_builder":"on","_et_pb_old_content":"","_et_gb_content_width":"","footnotes":""},"class_list":["post-1069","page","type-page","status-publish","has-post-thumbnail","hentry"],"_links":{"self":[{"href":"https:\/\/mocor.it\/sl\/wp-json\/wp\/v2\/pages\/1069","targetHints":{"allow":["GET"]}}],"collection":[{"href":"https:\/\/mocor.it\/sl\/wp-json\/wp\/v2\/pages"}],"about":[{"href":"https:\/\/mocor.it\/sl\/wp-json\/wp\/v2\/types\/page"}],"author":[{"embeddable":true,"href":"https:\/\/mocor.it\/sl\/wp-json\/wp\/v2\/users\/1"}],"replies":[{"embeddable":true,"href":"https:\/\/mocor.it\/sl\/wp-json\/wp\/v2\/comments?post=1069"}],"version-history":[{"count":11,"href":"https:\/\/mocor.it\/sl\/wp-json\/wp\/v2\/pages\/1069\/revisions"}],"predecessor-version":[{"id":2749,"href":"https:\/\/mocor.it\/sl\/wp-json\/wp\/v2\/pages\/1069\/revisions\/2749"}],"wp:featuredmedia":[{"embeddable":true,"href":"https:\/\/mocor.it\/sl\/wp-json\/wp\/v2\/media\/159"}],"wp:attachment":[{"href":"https:\/\/mocor.it\/sl\/wp-json\/wp\/v2\/media?parent=1069"}],"curies":[{"name":"wp","href":"https:\/\/api.w.org\/{rel}","templated":true}]}}