{"id":1021,"date":"2020-10-23T12:31:05","date_gmt":"2020-10-23T10:31:05","guid":{"rendered":"https:\/\/mocor.it\/mocor-veicoli-industriali\/"},"modified":"2021-11-17T16:17:27","modified_gmt":"2021-11-17T15:17:27","slug":"mocor-veicoli-industriali","status":"publish","type":"page","link":"https:\/\/mocor.it\/sl\/","title":{"rendered":"Mocor Veicoli Industriali Srl"},"content":{"rendered":"<p>[et_pb_section fb_built=&#8221;1&#8243; _builder_version=&#8221;4.6.6&#8243; _module_preset=&#8221;default&#8221; custom_margin=&#8221;0px||||false|false&#8221; custom_padding=&#8221;0px||||false|false&#8221; global_colors_info=&#8221;{}&#8221; theme_builder_area=&#8221;post_content&#8221;][et_pb_row column_structure=&#8221;3_5,2_5&#8243; _builder_version=&#8221;4.6.6&#8243; _module_preset=&#8221;default&#8221; width=&#8221;100%&#8221; custom_padding=&#8221;||24px|||&#8221; global_colors_info=&#8221;{}&#8221; theme_builder_area=&#8221;post_content&#8221;][et_pb_column type=&#8221;3_5&#8243; _builder_version=&#8221;4.6.1&#8243; _module_preset=&#8221;default&#8221; global_colors_info=&#8221;{}&#8221; theme_builder_area=&#8221;post_content&#8221;][et_pb_text _builder_version=&#8221;4.6.6&#8243; _module_preset=&#8221;default&#8221; header_font=&#8221;|700||on|||||&#8221; global_colors_info=&#8221;{}&#8221; theme_builder_area=&#8221;post_content&#8221;]<\/p>\n<h1>Mocor Veicoli Industriali Srl<\/h1>\n<h3>Poobla\u0161\u010dena servisna delavnica MAN Truck &amp; Bus<\/h3>\n<p>V na\u0161em servisnem centru vam visoko usposobljeni, zanesljivi, inovativni, dinami\u010dni in odprti sodelavci poskrbijo za hitro in strokovno delo. To je osnova na\u0161ega uspeha od leta <strong>1983<\/strong> dalje kot poobla\u0161\u010dena MAN-ova delavnica.<\/p>\n<p>[\/et_pb_text][et_pb_button button_url=&#8221;https:\/\/mocor.it\/sl\/kontakt\/&#8221; button_text=&#8221;Kontakt&#8221; _builder_version=&#8221;4.6.6&#8243; _module_preset=&#8221;default&#8221; global_module=&#8221;394&#8243; saved_tabs=&#8221;all&#8221; global_colors_info=&#8221;{}&#8221; theme_builder_area=&#8221;post_content&#8221;][\/et_pb_button][\/et_pb_column][et_pb_column type=&#8221;2_5&#8243; _builder_version=&#8221;4.6.1&#8243; _module_preset=&#8221;default&#8221; background_color=&#8221;#D6D8DB&#8221; custom_padding=&#8221;20px|20px|20px|20px|false|false&#8221; global_colors_info=&#8221;{}&#8221; theme_builder_area=&#8221;post_content&#8221;][et_pb_image src=&#8221;https:\/\/mocor.it\/wp-content\/uploads\/2020\/09\/ManSErvice24.png&#8221; alt=&#8221;Man Service Mobile24&#8243; title_text=&#8221;Man Service Mobile24&#8243; _builder_version=&#8221;4.6.1&#8243; _module_preset=&#8221;default&#8221; global_module=&#8221;255&#8243; saved_tabs=&#8221;all&#8221; global_colors_info=&#8221;{}&#8221; theme_builder_area=&#8221;post_content&#8221;][\/et_pb_image][et_pb_text _builder_version=&#8221;4.6.3&#8243; _module_preset=&#8221;default&#8221; global_module=&#8221;257&#8243; saved_tabs=&#8221;all&#8221; global_colors_info=&#8221;{}&#8221; theme_builder_area=&#8221;post_content&#8221;]<\/p>\n<p>24 ore al giorno, 365 giorni l\u2019anno: in caso di emergenza panne di Autocarri e Autobus MAN chiama i numeri:<\/p>\n<p>[\/et_pb_text][et_pb_blurb use_icon=&#8221;on&#8221; font_icon=&#8221;&#xe090;||divi||400&#8243; icon_placement=&#8221;left&#8221; image_icon_width=&#8221;20px&#8221; _builder_version=&#8221;4.13.1&#8243; header_font=&#8221;|300|||||||&#8221; header_font_size=&#8221;14px&#8221; hover_enabled=&#8221;0&#8243; icon_font_size=&#8221;20px&#8221; global_module=&#8221;825&#8243; global_colors_info=&#8221;{}&#8221; theme_builder_area=&#8221;post_content&#8221; sticky_enabled=&#8221;0&#8243;]<\/p>\n<p><a href=\"tel:+80066245324\">00 800 66 24 5324<\/a><\/p>\n<p><a href=\"tel:+49180535353335\">0049 180 53 53 53 335<\/a><\/p>\n<p>[\/et_pb_blurb][\/et_pb_column][\/et_pb_row][\/et_pb_section][et_pb_section fb_built=&#8221;1&#8243; module_id=&#8221;mocor-novita-sl&#8221; _builder_version=&#8221;4.7.0&#8243; _module_preset=&#8221;default&#8221; saved_tabs=&#8221;all&#8221; global_colors_info=&#8221;{}&#8221; theme_builder_area=&#8221;post_content&#8221;][et_pb_row _builder_version=&#8221;4.6.6&#8243; _module_preset=&#8221;default&#8221; width=&#8221;100%&#8221; global_colors_info=&#8221;{}&#8221; theme_builder_area=&#8221;post_content&#8221;][et_pb_column type=&#8221;4_4&#8243; _builder_version=&#8221;4.6.5&#8243; _module_preset=&#8221;default&#8221; global_colors_info=&#8221;{}&#8221; theme_builder_area=&#8221;post_content&#8221;][et_pb_text _builder_version=&#8221;4.6.5&#8243; _module_preset=&#8221;default&#8221; global_colors_info=&#8221;{}&#8221; theme_builder_area=&#8221;post_content&#8221;]<\/p>\n<h3>.<\/h3>\n<p>[\/et_pb_text][et_pb_blog fullwidth=&#8221;off&#8221; include_categories=&#8221;all&#8221; meta_date=&#8221;d M Y&#8221; show_more=&#8221;on&#8221; show_author=&#8221;off&#8221; _builder_version=&#8221;4.11.0&#8243; _module_preset=&#8221;default&#8221; global_colors_info=&#8221;{}&#8221; theme_builder_area=&#8221;post_content&#8221;][\/et_pb_blog][\/et_pb_column][\/et_pb_row][\/et_pb_section]<\/p>\n","protected":false},"excerpt":{"rendered":"<p>Mocor Veicoli Industriali Srl Poobla\u0161\u010dena servisna delavnica MAN Truck &amp; Bus V na\u0161em servisnem centru vam visoko usposobljeni, zanesljivi, inovativni, dinami\u010dni in odprti sodelavci poskrbijo za hitro in strokovno delo. To je osnova na\u0161ega uspeha od leta 1983 dalje kot poobla\u0161\u010dena MAN-ova delavnica.24 ore al giorno, 365 giorni l\u2019anno: in caso di emergenza panne di [&hellip;]<\/p>\n","protected":false},"author":1,"featured_media":157,"parent":0,"menu_order":0,"comment_status":"closed","ping_status":"closed","template":"","meta":{"_et_pb_use_builder":"on","_et_pb_old_content":"","_et_gb_content_width":"","footnotes":""},"class_list":["post-1021","page","type-page","status-publish","has-post-thumbnail","hentry"],"_links":{"self":[{"href":"https:\/\/mocor.it\/sl\/wp-json\/wp\/v2\/pages\/1021","targetHints":{"allow":["GET"]}}],"collection":[{"href":"https:\/\/mocor.it\/sl\/wp-json\/wp\/v2\/pages"}],"about":[{"href":"https:\/\/mocor.it\/sl\/wp-json\/wp\/v2\/types\/page"}],"author":[{"embeddable":true,"href":"https:\/\/mocor.it\/sl\/wp-json\/wp\/v2\/users\/1"}],"replies":[{"embeddable":true,"href":"https:\/\/mocor.it\/sl\/wp-json\/wp\/v2\/comments?post=1021"}],"version-history":[{"count":94,"href":"https:\/\/mocor.it\/sl\/wp-json\/wp\/v2\/pages\/1021\/revisions"}],"predecessor-version":[{"id":2290,"href":"https:\/\/mocor.it\/sl\/wp-json\/wp\/v2\/pages\/1021\/revisions\/2290"}],"wp:featuredmedia":[{"embeddable":true,"href":"https:\/\/mocor.it\/sl\/wp-json\/wp\/v2\/media\/157"}],"wp:attachment":[{"href":"https:\/\/mocor.it\/sl\/wp-json\/wp\/v2\/media?parent=1021"}],"curies":[{"name":"wp","href":"https:\/\/api.w.org\/{rel}","templated":true}]}}